{"id":12,"date":"2024-08-01T21:02:35","date_gmt":"2024-08-01T19:02:35","guid":{"rendered":"https:\/\/black-orchid.pl\/?page_id=12"},"modified":"2026-01-05T19:34:20","modified_gmt":"2026-01-05T18:34:20","slug":"mesmerize","status":"publish","type":"page","link":"https:\/\/black-orchid.pl\/","title":{"rendered":"Front Page"},"content":{"rendered":"<div  data-label=\"About\" data-id=\"about--1\" data-export-id=\"about-10\" data-category=\"about\" class=\"about-10 content-section content-section-spacing\" id=\"about-1\" style=\"background-color: rgb(255, 255, 255);\"><div  class=\"gridContainer\"> <div  class=\"row middle-sm text-center\"><div  class=\"col-sm-5 space-bottom-xs content-column\" data-type=\"column\"> <h5  class=\"\">KR\u00d3TKO O MNIE<\/h5> <h2  class=\"\">Moja mi\u0142o\u015b\u0107 do stylizacji paznokci jest widoczna w ka\u017cdym detalu<\/h2> <p  class=\"\">Moja pasja do stylizacji paznokci widoczna jest w trosce o ka\u017cdy szczeg\u00f3\u0142. Ka\u017cdemu klientowi oferuj\u0119 indywidualne podej\u015bcie i rozwi\u0105zania dopasowane do jego potrzeb. Stylizacja paznokci to dla mnie co\u015b wi\u0119cej ni\u017c praca \u2013 to spos\u00f3b na wyra\u017canie kreatywno\u015bci. Ka\u017cdy paznokie\u0107 to ma\u0142e p\u0142\u00f3tno, na kt\u00f3rym tworz\u0119 proste lub bardziej z\u0142o\u017cone wzory \u2013 od delikatnych kolor\u00f3w, przez subtelne zdobienia, po ombre czy geometryczne motywy.\n<br ><br >Prowadzenie salonu to spe\u0142nienie mojego marzenia. Chc\u0119, by by\u0142a to przyjazna przestrze\u0144, w kt\u00f3rej ka\u017cdy poczuje si\u0119 swobodnie i mi\u0142o. Zapraszam serdecznie!<\/p> <\/div> <div  class=\"col-sm-7 flexbox middle-xs center-xs space-bottom-xs\"><div  class=\"overlay-box middle-xs center-xs flexbox\"> <div  class=\"overlay-box-offset offset-border shadow-medium border-color1 hide-xs\"><\/div> <img  decoding=\"async\" class=\"shadow-large\" data-size=\"485x705\" src=\"http:\/\/black-orchid.pl\/wp-content\/uploads\/2025\/07\/cropped-Zrzut-ekranu-2025-07-16-o-09.52.38.png\" title=\"cropped-Zrzut-ekranu-2025-07-16-o-09.52.38.png\" alt=\"\"><\/div> <\/div><\/div> <\/div><\/div><div  data-label=\"Galeria\" data-id=\"content--1\" data-export-id=\"content-12\" data-category=\"content\" class=\"content-12 content-section content-section-spacing\" id=\"galeria\" style=\"background-color: rgb(245, 250, 253);\"><div  class=\"\"> <div  class=\"row text-center\"><div  class=\"section-title-col\" data-type=\"column\"> <h2  class=\"\">Rzu\u0107 okiem na galeri\u0119<\/h2> <p  class=\"lead\">Oto niekt\u00f3re z moich prac&nbsp;<div id=\"metaslider-id-96\" style=\"width: 100%;\" class=\"ml-slider-3-104-0 metaslider metaslider-flex metaslider-96 ml-slider has-dots-nav has-carousel-mode ms-theme-clarity\" role=\"region\" aria-label=\"New Slideshow\" data-height=\"400\" data-width=\"300\">\n    <div id=\"metaslider_container_96\">\n        <div id=\"metaslider_96\">\n            <ul class='slides'>\n                <li style=\"display: none; width: 100%;\" class=\"slide-97 ms-image \" aria-roledescription=\"slide\" data-date=\"2025-07-16 10:23:42\" data-filename=\"500088014_18500377423060379_827222427865286203_n-300x400.jpg\" data-slide-type=\"image\"><img loading=\"lazy\" decoding=\"async\" src=\"https:\/\/black-orchid.pl\/wp-content\/uploads\/2025\/07\/500088014_18500377423060379_827222427865286203_n-300x400.jpg\" height=\"400\" width=\"300\" alt=\"\" class=\"slider-96 slide-97 msDefaultImage\" title=\"500088014_18500377423060379_827222427865286203_n\" \/><\/li>\n                <li style=\"display: none; width: 100%;\" class=\"slide-98 ms-image \" aria-roledescription=\"slide\" data-date=\"2025-07-16 10:23:42\" data-filename=\"496317466_18497847817060379_298865445370819611_n-300x400.jpg\" data-slide-type=\"image\"><img loading=\"lazy\" decoding=\"async\" src=\"https:\/\/black-orchid.pl\/wp-content\/uploads\/2025\/07\/496317466_18497847817060379_298865445370819611_n-300x400.jpg\" height=\"400\" width=\"300\" alt=\"\" class=\"slider-96 slide-98 msDefaultImage\" title=\"496317466_18497847817060379_298865445370819611_n\" \/><\/li>\n                <li style=\"display: none; width: 100%;\" class=\"slide-99 ms-image \" aria-roledescription=\"slide\" data-date=\"2025-07-16 10:23:42\" data-filename=\"491453257_18494180194060379_3791646798660418946_n-300x400.jpg\" data-slide-type=\"image\"><img loading=\"lazy\" decoding=\"async\" src=\"https:\/\/black-orchid.pl\/wp-content\/uploads\/2025\/07\/491453257_18494180194060379_3791646798660418946_n-300x400.jpg\" height=\"400\" width=\"300\" alt=\"\" class=\"slider-96 slide-99 msDefaultImage\" title=\"491453257_18494180194060379_3791646798660418946_n\" \/><\/li>\n                <li style=\"display: none; width: 100%;\" class=\"slide-100 ms-image \" aria-roledescription=\"slide\" data-date=\"2025-07-16 10:23:42\" data-filename=\"489359594_18493226443060379_8321251264400172829_n-300x400.jpg\" data-slide-type=\"image\"><img loading=\"lazy\" decoding=\"async\" src=\"https:\/\/black-orchid.pl\/wp-content\/uploads\/2025\/07\/489359594_18493226443060379_8321251264400172829_n-300x400.jpg\" height=\"400\" width=\"300\" alt=\"\" class=\"slider-96 slide-100 msDefaultImage\" title=\"489359594_18493226443060379_8321251264400172829_n\" \/><\/li>\n                <li style=\"display: none; width: 100%;\" class=\"slide-101 ms-image \" aria-roledescription=\"slide\" data-date=\"2025-07-16 10:23:42\" data-filename=\"489009460_18492379819060379_2155198791674256774_n-300x400.jpg\" data-slide-type=\"image\"><img loading=\"lazy\" decoding=\"async\" src=\"https:\/\/black-orchid.pl\/wp-content\/uploads\/2025\/07\/489009460_18492379819060379_2155198791674256774_n-300x400.jpg\" height=\"400\" width=\"300\" alt=\"\" class=\"slider-96 slide-101 msDefaultImage\" title=\"489009460_18492379819060379_2155198791674256774_n\" \/><\/li>\n                <li style=\"display: none; width: 100%;\" class=\"slide-102 ms-image \" aria-roledescription=\"slide\" data-date=\"2025-07-16 10:23:42\" data-filename=\"488891485_18492842014060379_5530341939115696749_n-300x400.jpg\" data-slide-type=\"image\"><img loading=\"lazy\" decoding=\"async\" src=\"https:\/\/black-orchid.pl\/wp-content\/uploads\/2025\/07\/488891485_18492842014060379_5530341939115696749_n-300x400.jpg\" height=\"400\" width=\"300\" alt=\"\" class=\"slider-96 slide-102 msDefaultImage\" title=\"488891485_18492842014060379_5530341939115696749_n\" \/><\/li>\n                <li style=\"display: none; width: 100%;\" class=\"slide-103 ms-image \" aria-roledescription=\"slide\" data-date=\"2025-07-16 10:23:42\" data-filename=\"487918507_18491335462060379_3140023153698373941_n-300x400.jpg\" data-slide-type=\"image\"><img loading=\"lazy\" decoding=\"async\" src=\"https:\/\/black-orchid.pl\/wp-content\/uploads\/2025\/07\/487918507_18491335462060379_3140023153698373941_n-300x400.jpg\" height=\"400\" width=\"300\" alt=\"\" class=\"slider-96 slide-103 msDefaultImage\" title=\"487918507_18491335462060379_3140023153698373941_n\" \/><\/li>\n                <li style=\"display: none; width: 100%;\" class=\"slide-104 ms-image \" aria-roledescription=\"slide\" data-date=\"2025-07-16 10:23:42\" data-filename=\"487823578_18490934629060379_2053066617532919660_n-300x400.jpg\" data-slide-type=\"image\"><img loading=\"lazy\" decoding=\"async\" src=\"https:\/\/black-orchid.pl\/wp-content\/uploads\/2025\/07\/487823578_18490934629060379_2053066617532919660_n-300x400.jpg\" height=\"400\" width=\"300\" alt=\"\" class=\"slider-96 slide-104 msDefaultImage\" title=\"487823578_18490934629060379_2053066617532919660_n\" \/><\/li>\n                <li style=\"display: none; width: 100%;\" class=\"slide-105 ms-image \" aria-roledescription=\"slide\" data-date=\"2025-07-16 10:23:42\" data-filename=\"487766480_18491543395060379_1312628658191684741_n-300x400.jpg\" data-slide-type=\"image\"><img loading=\"lazy\" decoding=\"async\" src=\"https:\/\/black-orchid.pl\/wp-content\/uploads\/2025\/07\/487766480_18491543395060379_1312628658191684741_n-300x400.jpg\" height=\"400\" width=\"300\" alt=\"\" class=\"slider-96 slide-105 msDefaultImage\" title=\"487766480_18491543395060379_1312628658191684741_n\" \/><\/li>\n                <li style=\"display: none; width: 100%;\" class=\"slide-106 ms-image \" aria-roledescription=\"slide\" data-date=\"2025-07-16 10:23:42\" data-filename=\"484170742_18486827254060379_7042141264028212691_n-300x400.jpg\" data-slide-type=\"image\"><img loading=\"lazy\" decoding=\"async\" src=\"https:\/\/black-orchid.pl\/wp-content\/uploads\/2025\/07\/484170742_18486827254060379_7042141264028212691_n-300x400.jpg\" height=\"400\" width=\"300\" alt=\"\" class=\"slider-96 slide-106 msDefaultImage\" title=\"484170742_18486827254060379_7042141264028212691_n\" \/><\/li>\n                <li style=\"display: none; width: 100%;\" class=\"slide-107 ms-image \" aria-roledescription=\"slide\" data-date=\"2025-07-16 10:23:43\" data-filename=\"483876144_18486520708060379_1587539483070247436_n-300x400.jpg\" data-slide-type=\"image\"><img loading=\"lazy\" decoding=\"async\" src=\"https:\/\/black-orchid.pl\/wp-content\/uploads\/2025\/07\/483876144_18486520708060379_1587539483070247436_n-300x400.jpg\" height=\"400\" width=\"300\" alt=\"\" class=\"slider-96 slide-107 msDefaultImage\" title=\"483876144_18486520708060379_1587539483070247436_n\" \/><\/li>\n                <li style=\"display: none; width: 100%;\" class=\"slide-108 ms-image \" aria-roledescription=\"slide\" data-date=\"2025-07-16 10:23:43\" data-filename=\"cropped-Zrzut-ekranu-2024-08-1-o-21.48.11-270x360.png\" data-slide-type=\"image\"><img loading=\"lazy\" decoding=\"async\" src=\"https:\/\/black-orchid.pl\/wp-content\/uploads\/2024\/08\/cropped-Zrzut-ekranu-2024-08-1-o-21.48.11-270x360.png\" height=\"400\" width=\"300\" alt=\"\" class=\"slider-96 slide-108 msDefaultImage\" title=\"cropped-Zrzut-ekranu-2024-08-1-o-21.48.11.png\" \/><\/li>\n                <li style=\"display: none; width: 100%;\" class=\"slide-109 ms-image \" aria-roledescription=\"slide\" data-date=\"2025-07-16 10:23:43\" data-filename=\"cropped-Zrzut-ekranu-2024-08-1-o-21.46.39-270x360.png\" data-slide-type=\"image\"><img loading=\"lazy\" decoding=\"async\" src=\"https:\/\/black-orchid.pl\/wp-content\/uploads\/2024\/08\/cropped-Zrzut-ekranu-2024-08-1-o-21.46.39-270x360.png\" height=\"400\" width=\"300\" alt=\"\" class=\"slider-96 slide-109 msDefaultImage\" title=\"cropped-Zrzut-ekranu-2024-08-1-o-21.46.39.png\" \/><\/li>\n                <li style=\"display: none; width: 100%;\" class=\"slide-110 ms-image \" aria-roledescription=\"slide\" data-date=\"2025-07-16 10:23:43\" data-filename=\"cropped-Zrzut-ekranu-2024-08-1-o-21.46.11-270x360.png\" data-slide-type=\"image\"><img loading=\"lazy\" decoding=\"async\" src=\"https:\/\/black-orchid.pl\/wp-content\/uploads\/2024\/08\/cropped-Zrzut-ekranu-2024-08-1-o-21.46.11-270x360.png\" height=\"400\" width=\"300\" alt=\"\" class=\"slider-96 slide-110 msDefaultImage\" title=\"cropped-Zrzut-ekranu-2024-08-1-o-21.46.11.png\" \/><\/li>\n                <li style=\"display: none; width: 100%;\" class=\"slide-111 ms-image \" aria-roledescription=\"slide\" data-date=\"2025-07-16 10:23:43\" data-filename=\"cropped-Zrzut-ekranu-2024-08-1-o-21.45.36-270x360.png\" data-slide-type=\"image\"><img loading=\"lazy\" decoding=\"async\" src=\"https:\/\/black-orchid.pl\/wp-content\/uploads\/2024\/08\/cropped-Zrzut-ekranu-2024-08-1-o-21.45.36-270x360.png\" height=\"400\" width=\"300\" alt=\"\" class=\"slider-96 slide-111 msDefaultImage\" title=\"cropped-Zrzut-ekranu-2024-08-1-o-21.45.36.png\" \/><\/li>\n                <li style=\"display: none; width: 100%;\" class=\"slide-112 ms-image \" aria-roledescription=\"slide\" data-date=\"2025-07-16 10:23:43\" data-filename=\"cropped-Zrzut-ekranu-2024-08-1-o-21.47.46-270x360.png\" data-slide-type=\"image\"><img loading=\"lazy\" decoding=\"async\" src=\"https:\/\/black-orchid.pl\/wp-content\/uploads\/2024\/08\/cropped-Zrzut-ekranu-2024-08-1-o-21.47.46-270x360.png\" height=\"400\" width=\"300\" alt=\"\" class=\"slider-96 slide-112 msDefaultImage\" title=\"cropped-Zrzut-ekranu-2024-08-1-o-21.47.46.png\" \/><\/li>\n                <li style=\"display: none; width: 100%;\" class=\"slide-113 ms-image \" aria-roledescription=\"slide\" data-date=\"2025-07-16 10:23:43\" data-filename=\"cropped-Zrzut-ekranu-2024-08-1-o-21.47.18-270x360.png\" data-slide-type=\"image\"><img loading=\"lazy\" decoding=\"async\" src=\"https:\/\/black-orchid.pl\/wp-content\/uploads\/2024\/08\/cropped-Zrzut-ekranu-2024-08-1-o-21.47.18-270x360.png\" height=\"400\" width=\"300\" alt=\"\" class=\"slider-96 slide-113 msDefaultImage\" title=\"cropped-Zrzut-ekranu-2024-08-1-o-21.47.18.png\" \/><\/li>\n                <li style=\"display: none; width: 100%;\" class=\"slide-114 ms-image \" aria-roledescription=\"slide\" data-date=\"2025-07-16 10:23:43\" data-filename=\"Zrzut-ekranu-2024-08-1-o-21.48.11-300x400.png\" data-slide-type=\"image\"><img loading=\"lazy\" decoding=\"async\" src=\"https:\/\/black-orchid.pl\/wp-content\/uploads\/2024\/08\/Zrzut-ekranu-2024-08-1-o-21.48.11-300x400.png\" height=\"400\" width=\"300\" alt=\"\" class=\"slider-96 slide-114 msDefaultImage\" title=\"Zrzut ekranu 2024-08-1 o 21.48.11\" \/><\/li>\n                <li style=\"display: none; width: 100%;\" class=\"slide-115 ms-image \" aria-roledescription=\"slide\" data-date=\"2025-07-16 10:23:43\" data-filename=\"Zrzut-ekranu-2024-08-1-o-21.47.46-300x400.png\" data-slide-type=\"image\"><img loading=\"lazy\" decoding=\"async\" src=\"https:\/\/black-orchid.pl\/wp-content\/uploads\/2024\/08\/Zrzut-ekranu-2024-08-1-o-21.47.46-300x400.png\" height=\"400\" width=\"300\" alt=\"\" class=\"slider-96 slide-115 msDefaultImage\" title=\"Zrzut ekranu 2024-08-1 o 21.47.46\" \/><\/li>\n                <li style=\"display: none; width: 100%;\" class=\"slide-116 ms-image \" aria-roledescription=\"slide\" data-date=\"2025-07-16 10:23:43\" data-filename=\"cropped-Zrzut-ekranu-2024-08-1-o-21.47.00-270x360.png\" data-slide-type=\"image\"><img loading=\"lazy\" decoding=\"async\" src=\"https:\/\/black-orchid.pl\/wp-content\/uploads\/2024\/08\/cropped-Zrzut-ekranu-2024-08-1-o-21.47.00-270x360.png\" height=\"400\" width=\"300\" alt=\"\" class=\"slider-96 slide-116 msDefaultImage\" title=\"cropped-Zrzut-ekranu-2024-08-1-o-21.47.00.png\" \/><\/li>\n                <li style=\"display: none; width: 100%;\" class=\"slide-117 ms-image \" aria-roledescription=\"slide\" data-date=\"2025-07-16 10:23:43\" data-filename=\"Zrzut-ekranu-2024-08-1-o-21.47.30-300x400.png\" data-slide-type=\"image\"><img loading=\"lazy\" decoding=\"async\" src=\"https:\/\/black-orchid.pl\/wp-content\/uploads\/2024\/08\/Zrzut-ekranu-2024-08-1-o-21.47.30-300x400.png\" height=\"400\" width=\"300\" alt=\"\" class=\"slider-96 slide-117 msDefaultImage\" title=\"Zrzut ekranu 2024-08-1 o 21.47.30\" \/><\/li>\n                <li style=\"display: none; width: 100%;\" class=\"slide-118 ms-image \" aria-roledescription=\"slide\" data-date=\"2025-07-16 10:23:43\" data-filename=\"Zrzut-ekranu-2024-08-1-o-21.47.18-300x400.png\" data-slide-type=\"image\"><img loading=\"lazy\" decoding=\"async\" src=\"https:\/\/black-orchid.pl\/wp-content\/uploads\/2024\/08\/Zrzut-ekranu-2024-08-1-o-21.47.18-300x400.png\" height=\"400\" width=\"300\" alt=\"\" class=\"slider-96 slide-118 msDefaultImage\" title=\"Zrzut ekranu 2024-08-1 o 21.47.18\" \/><\/li>\n                <li style=\"display: none; width: 100%;\" class=\"slide-119 ms-image \" aria-roledescription=\"slide\" data-date=\"2025-07-16 10:23:43\" data-filename=\"cropped-Zrzut-ekranu-2024-08-1-o-21.44.28-270x360.png\" data-slide-type=\"image\"><img loading=\"lazy\" decoding=\"async\" src=\"https:\/\/black-orchid.pl\/wp-content\/uploads\/2024\/08\/cropped-Zrzut-ekranu-2024-08-1-o-21.44.28-270x360.png\" height=\"400\" width=\"300\" alt=\"\" class=\"slider-96 slide-119 msDefaultImage\" title=\"cropped-Zrzut-ekranu-2024-08-1-o-21.44.28.png\" \/><\/li>\n                <li style=\"display: none; width: 100%;\" class=\"slide-120 ms-image \" aria-roledescription=\"slide\" data-date=\"2025-07-16 10:23:43\" data-filename=\"Zrzut-ekranu-2024-08-1-o-21.47.00-300x400.png\" data-slide-type=\"image\"><img loading=\"lazy\" decoding=\"async\" src=\"https:\/\/black-orchid.pl\/wp-content\/uploads\/2024\/08\/Zrzut-ekranu-2024-08-1-o-21.47.00-300x400.png\" height=\"400\" width=\"300\" alt=\"\" class=\"slider-96 slide-120 msDefaultImage\" title=\"Zrzut ekranu 2024-08-1 o 21.47.00\" \/><\/li>\n                <li style=\"display: none; width: 100%;\" class=\"slide-121 ms-image \" aria-roledescription=\"slide\" data-date=\"2025-07-16 10:23:43\" data-filename=\"Zrzut-ekranu-2024-08-1-o-21.46.39-300x400.png\" data-slide-type=\"image\"><img loading=\"lazy\" decoding=\"async\" src=\"https:\/\/black-orchid.pl\/wp-content\/uploads\/2024\/08\/Zrzut-ekranu-2024-08-1-o-21.46.39-300x400.png\" height=\"400\" width=\"300\" alt=\"\" class=\"slider-96 slide-121 msDefaultImage\" title=\"Zrzut ekranu 2024-08-1 o 21.46.39\" \/><\/li>\n                <li style=\"display: none; width: 100%;\" class=\"slide-122 ms-image \" aria-roledescription=\"slide\" data-date=\"2025-07-16 10:23:43\" data-filename=\"Zrzut-ekranu-2024-08-1-o-21.46.11-300x400.png\" data-slide-type=\"image\"><img loading=\"lazy\" decoding=\"async\" src=\"https:\/\/black-orchid.pl\/wp-content\/uploads\/2024\/08\/Zrzut-ekranu-2024-08-1-o-21.46.11-300x400.png\" height=\"400\" width=\"300\" alt=\"\" class=\"slider-96 slide-122 msDefaultImage\" title=\"Zrzut ekranu 2024-08-1 o 21.46.11\" \/><\/li>\n                <li style=\"display: none; width: 100%;\" class=\"slide-123 ms-image \" aria-roledescription=\"slide\" data-date=\"2025-07-16 10:23:43\" data-filename=\"Zrzut-ekranu-2024-08-1-o-21.45.36-300x400.png\" data-slide-type=\"image\"><img loading=\"lazy\" decoding=\"async\" src=\"https:\/\/black-orchid.pl\/wp-content\/uploads\/2024\/08\/Zrzut-ekranu-2024-08-1-o-21.45.36-300x400.png\" height=\"400\" width=\"300\" alt=\"\" class=\"slider-96 slide-123 msDefaultImage\" title=\"Zrzut ekranu 2024-08-1 o 21.45.36\" \/><\/li>\n                <li style=\"display: none; width: 100%;\" class=\"slide-124 ms-image \" aria-roledescription=\"slide\" data-date=\"2025-07-16 10:23:43\" data-filename=\"315123137_633691988318411_881254032604261136_n.jpg\" data-slide-type=\"image\"><img loading=\"lazy\" decoding=\"async\" src=\"https:\/\/black-orchid.pl\/wp-content\/uploads\/2024\/08\/315123137_633691988318411_881254032604261136_n.jpg\" height=\"400\" width=\"300\" alt=\"\" class=\"slider-96 slide-124 msDefaultImage\" title=\"315123137_633691988318411_881254032604261136_n\" \/><\/li>\n            <\/ul>\n        <\/div>\n        \n    <\/div>\n<\/div>\t<\/p><p  class=\"\">.<\/p><\/div> <\/div> <div  class=\"row center-xs middle-xs\"> <div  class=\"col-sm-9\" data-type=\"column\"> <\/div> <\/div><\/div> <\/div><div  data-label=\"Cennik\" data-id=\"team--1\" data-export-id=\"team-5\" data-category=\"team\" class=\"team-5 content-section content-section-spacing\" id=\"cennik\" style=\"background-color: rgb(255, 255, 255);\"><div  class=\"\"> <div  class=\"row text-center\"><div  class=\"section-title-col\" data-type=\"column\"> <h2  class=\"\">Cennik<\/h2> <p  class=\"lead\">Us\u0142ugi dost\u0119pne w salonie Balck Orchid Izabela Korpowska<\/p><\/div> <\/div> <div  class=\"row spaced-cols center-sm content-left-sm\" data-type=\"row\"> <div  class=\"col-xs-12 col-sm-6 col-padding col-md-4 \"> <div  class=\"row \"> <div  data-type=\"column\" class=\"col-xs-12 col-sm-12\"> <img  decoding=\"async\" class=\"round face\" src=\"http:\/\/black-orchid.pl\/wp-content\/uploads\/2024\/08\/cropped-cropped-Zrzut-ekranu-2024-08-1-o-21.46.39.png\" title=\"cropped-cropped-Zrzut-ekranu-2024-08-1-o-21.46.39.png\" alt=\"\"> <h4  class=\"font-500\">Manicure<\/h4>  <p  class=\"\">Frezarkowy 60 Z\u0141<br >Hybryda kolor 120 Z\u0141\n<br >Usuwanie stylizacji 50 Z\u0141\n<br >Usuwanie stylizacji + baza 100 Z\u0141<\/p> <div  class=\"social-icons-group\" data-type=\"group\"> <a  href=\"#\" target=\"_self\" data-reiki-hidden=\"true\"><i  class=\"gray fa icon fa-facebook-square\"><\/i><\/a> <a  href=\"#\" target=\"_self\" data-reiki-hidden=\"true\"><i  class=\"gray fa icon fa-twitter-square\"><\/i><\/a> <a  href=\"#\" target=\"_self\" data-reiki-hidden=\"true\"><i  class=\"gray fa icon fa-linkedin-square\"><\/i><\/a> <a  href=\"#\" target=\"_self\" data-reiki-hidden=\"true\"><i  class=\"gray fa icon fa-google-plus-square\"><\/i><\/a><\/div> <\/div><\/div> <\/div> <div  class=\"col-xs-12 col-sm-6 col-padding col-md-4 \"> <div  class=\"row \"> <div  data-type=\"column\" class=\"col-xs-12 col-sm-12\"> <img  decoding=\"async\" class=\"round face\" src=\"http:\/\/black-orchid.pl\/wp-content\/uploads\/2024\/08\/cropped-Zrzut-ekranu-2024-08-1-o-21.47.46-1.png\" title=\"cropped-Zrzut-ekranu-2024-08-1-o-21.47.46-1.png\" alt=\"\"> <h4  class=\"font-500\">Stylizacje<\/h4>  <p  class=\"\">\u017bel na naturalnej p\u0142ytce 140 Z\u0141\n<br >Przed\u0142u\u017cenie paznokici kr\u00f3tkie 160 Z\u0141\n<br >Przed\u0142u\u017cenie paznokci d\u0142ugie 170 Z\u0141\n<br >Dope\u0142nienie 140 Z\u0141\n<br >Stylizacje konstrukcyjne od 200 Z\u0141\n<br >Naprawa paznokcia 10 Z\u0141\n<br >Rekonstrukcja paznokci obgryzionych 170 Z\u0141<\/p> <div  class=\"social-icons-group\" data-type=\"group\"> <a  href=\"#\" target=\"_self\" data-reiki-hidden=\"true\"><i  class=\"gray fa icon fa-facebook-square\"><\/i><\/a> <a  href=\"#\" target=\"_self\" data-reiki-hidden=\"true\"><i  class=\"gray fa icon fa-twitter-square\"><\/i><\/a> <a  href=\"#\" target=\"_self\" data-reiki-hidden=\"true\"><i  class=\"gray fa icon fa-linkedin-square\"><\/i><\/a> <a  href=\"#\" target=\"_self\" data-reiki-hidden=\"true\"><i  class=\"gray fa icon fa-google-plus-square\"><\/i><\/a><\/div> <\/div><\/div> <\/div> <div  class=\"col-xs-12 col-sm-6 col-padding col-md-4 \"> <div  class=\"row \"> <div  data-type=\"column\" class=\"col-xs-12 col-sm-12\"> <img  decoding=\"async\" class=\"round face\" src=\"http:\/\/black-orchid.pl\/wp-content\/uploads\/2025\/07\/cropped-488891485_18492842014060379_5530341939115696749_n.jpg\" title=\"cropped-488891485_18492842014060379_5530341939115696749_n.jpg\" alt=\"\"> <h4  class=\"font-500\">Zdobienia<\/h4>  <p  class=\"\">FRENCH\/ BABYBOOMER\/OMBRE 20 Z\u0141\n<br >Cyrkonie od 20 Z\u0141\n<br ><br >Zdobienia r\u0119cznie malowane\n<br >(micropainting, one stroke, akwarela itp) &nbsp;20 \u2013 30 Z\u0141 szt.<\/p> <div  class=\"social-icons-group\" data-type=\"group\"> <a  href=\"#\" target=\"_self\" data-reiki-hidden=\"true\"><i  class=\"gray fa icon fa-facebook-square\"><\/i><\/a> <a  href=\"#\" target=\"_self\" data-reiki-hidden=\"true\"><i  class=\"gray fa icon fa-twitter-square\"><\/i><\/a> <a  href=\"#\" target=\"_self\" data-reiki-hidden=\"true\"><i  class=\"gray fa icon fa-linkedin-square\"><\/i><\/a> <a  href=\"#\" target=\"_self\" data-reiki-hidden=\"true\"><i  class=\"gray fa icon fa-google-plus-square\"><\/i><\/a><\/div> <\/div><\/div> <\/div> <div  class=\"col-xs-12 col-sm-6 col-padding col-md-4 \"> <div  class=\"row \"> <div  data-type=\"column\" class=\"col-xs-12 col-sm-12\"> <img  decoding=\"async\" class=\"round face\" src=\"http:\/\/black-orchid.pl\/wp-content\/uploads\/2025\/07\/cropped-Zrzut-ekranu-2025-07-16-o-11.35.35.png\" title=\"cropped-Zrzut-ekranu-2025-07-16-o-11.35.35.png\" alt=\"\"> <h4  class=\"font-500\">Pedicure<\/h4>  <p  class=\"\">Pedicure biologiczny 100 Z\u0141\n<br >Pedicure biologiczny + hybryda 140 Z\u0141\n<br >Rekonstrukcja 20 Z\u0141\n<br ><br >Pedicure EXPERT SPA&nbsp;&nbsp;\u2013<br >(kwasy, peeling, maska) 180 Z\u0141<\/p> <div  class=\"social-icons-group\" data-type=\"group\"> <a  href=\"#\" target=\"_self\" data-reiki-hidden=\"true\"><i  class=\"gray fa icon fa-facebook-square\"><\/i><\/a> <a  href=\"#\" target=\"_self\" data-reiki-hidden=\"true\"><i  class=\"gray fa icon fa-twitter-square\"><\/i><\/a> <a  href=\"#\" target=\"_self\" data-reiki-hidden=\"true\"><i  class=\"gray fa icon fa-linkedin-square\"><\/i><\/a> <a  href=\"#\" target=\"_self\" data-reiki-hidden=\"true\"><i  class=\"gray fa icon fa-google-plus-square\"><\/i><\/a><\/div> <\/div><\/div> <\/div>    <\/div> <\/div><\/div><div  data-label=\"Cta\" data-id=\"cta--1\" data-export-id=\"cta-blue-section\" data-category=\"cta\" class=\"cta-blue-section content-section content-section-spacing-medium bg-color1 white-text\" id=\"cta-1\"><div  class=\"gridContainer\"> <div  class=\"row middle-xs\"><div  class=\"col-sm-8 space-bottom-xs\" data-type=\"column\"> <h2  class=\"\">  <\/h2> <\/div> <div  class=\"col-sm-4 end-sm\" data-type=\"column\"> <a  class=\"button color2\" href=\"#Booking\" target=\"_self\" data-cp-link=\"1\">Rezerwacja Online<\/a><\/div> <\/div><\/div> <\/div>","protected":false},"excerpt":{"rendered":"<p>KR\u00d3TKO O MNIE Moja mi\u0142o\u015b\u0107 do stylizacji paznokci jest widoczna w ka\u017cdym detalu Moja pasja do stylizacji paznokci widoczna jest w trosce o ka\u017cdy szczeg\u00f3\u0142. Ka\u017cdemu klientowi oferuj\u0119 indywidualne podej\u015bcie i rozwi\u0105zania dopasowane do jego potrzeb. Stylizacja paznokci to dla mnie co\u015b wi\u0119cej ni\u017c praca \u2013 to spos\u00f3b na wyra\u017canie kreatywno\u015bci. Ka\u017cdy paznokie\u0107 to ma\u0142e&hellip; <br \/> <a class=\"read-more\" href=\"https:\/\/black-orchid.pl\/\">Read more<\/a><\/p>\n","protected":false},"author":1,"featured_media":0,"parent":0,"menu_order":0,"comment_status":"closed","ping_status":"closed","template":"page-templates\/homepage.php","meta":{"footnotes":""},"class_list":["post-12","page","type-page","status-publish","hentry"],"jetpack_sharing_enabled":true,"_links":{"self":[{"href":"https:\/\/black-orchid.pl\/index.php?rest_route=\/wp\/v2\/pages\/12","targetHints":{"allow":["GET"]}}],"collection":[{"href":"https:\/\/black-orchid.pl\/index.php?rest_route=\/wp\/v2\/pages"}],"about":[{"href":"https:\/\/black-orchid.pl\/index.php?rest_route=\/wp\/v2\/types\/page"}],"author":[{"embeddable":true,"href":"https:\/\/black-orchid.pl\/index.php?rest_route=\/wp\/v2\/users\/1"}],"replies":[{"embeddable":true,"href":"https:\/\/black-orchid.pl\/index.php?rest_route=%2Fwp%2Fv2%2Fcomments&post=12"}],"version-history":[{"count":41,"href":"https:\/\/black-orchid.pl\/index.php?rest_route=\/wp\/v2\/pages\/12\/revisions"}],"predecessor-version":[{"id":216,"href":"https:\/\/black-orchid.pl\/index.php?rest_route=\/wp\/v2\/pages\/12\/revisions\/216"}],"wp:attachment":[{"href":"https:\/\/black-orchid.pl\/index.php?rest_route=%2Fwp%2Fv2%2Fmedia&parent=12"}],"curies":[{"name":"wp","href":"https:\/\/api.w.org\/{rel}","templated":true}]}}